{"id":30510,"date":"2025-06-20T13:52:47","date_gmt":"2025-06-20T13:52:47","guid":{"rendered":"https:\/\/arion-group.com\/?page_id=30510"},"modified":"2025-06-20T13:52:47","modified_gmt":"2025-06-20T13:52:47","slug":"kostenloser-leitfaden-management-von-inkontinenzbedingter-dermatitis","status":"publish","type":"page","link":"https:\/\/arion-group.com\/de\/kostenloser-leitfaden-management-von-inkontinenzbedingter-dermatitis\/","title":{"rendered":"Kostenloser leitfaden management von inkontinenzbedingter dermatitis"},"content":{"rendered":"\t\t<div data-elementor-type=\"wp-page\" data-elementor-id=\"30510\" class=\"elementor elementor-30510\" data-elementor-post-type=\"page\">\n\t\t\t\t<div class=\"elementor-element elementor-element-04cbd03 e-flex e-con-boxed e-con e-parent\" data-id=\"04cbd03\" data-element_type=\"container\" data-e-type=\"container\" data-settings=\"{&quot;jet_parallax_layout_list&quot;:[],&quot;background_background&quot;:&quot;classic&quot;}\">\n\t\t\t\t\t<div class=\"e-con-inner\">\n\t\t\t\t<div class=\"elementor-element elementor-element-cc14a8e elementor-widget__width-initial elementor-widget-widescreen__width-initial elementor-widget-laptop__width-initial elementor-widget elementor-widget-heading\" data-id=\"cc14a8e\" data-element_type=\"widget\" data-e-type=\"widget\" data-widget_type=\"heading.default\">\n\t\t\t\t<div class=\"elementor-widget-container\">\n\t\t\t\t\t<h3 class=\"elementor-heading-title elementor-size-default\">Ein kostenloser Leitfaden, der Sie bei der <\/h3>\t\t\t\t<\/div>\n\t\t\t\t<\/div>\n\t\t\t\t<div class=\"elementor-element elementor-element-66d30b0 elementor-widget__width-initial elementor-widget-widescreen__width-initial elementor-widget-laptop__width-initial elementor-widget elementor-widget-heading\" data-id=\"66d30b0\" data-element_type=\"widget\" data-e-type=\"widget\" data-widget_type=\"heading.default\">\n\t\t\t\t<div class=\"elementor-widget-container\">\n\t\t\t\t\t<h3 class=\"elementor-heading-title elementor-size-default\">Verbesserung der Pr\u00e4vention <\/h3>\t\t\t\t<\/div>\n\t\t\t\t<\/div>\n\t\t\t\t\t<\/div>\n\t\t\t\t<\/div>\n\t\t<div class=\"elementor-element elementor-element-5a6be59 e-flex e-con-boxed e-con e-parent\" data-id=\"5a6be59\" data-element_type=\"container\" data-e-type=\"container\" data-settings=\"{&quot;jet_parallax_layout_list&quot;:[]}\">\n\t\t\t\t\t<div class=\"e-con-inner\">\n\t\t<div class=\"elementor-element elementor-element-4d18867 e-con-full e-flex e-con e-child\" data-id=\"4d18867\" data-element_type=\"container\" data-e-type=\"container\" data-settings=\"{&quot;jet_parallax_layout_list&quot;:[]}\">\n\t\t\t\t<div class=\"elementor-element elementor-element-a211ff5 elementor-widget elementor-widget-image\" data-id=\"a211ff5\" data-element_type=\"widget\" data-e-type=\"widget\" data-widget_type=\"image.default\">\n\t\t\t\t<div class=\"elementor-widget-container\">\n\t\t\t\t\t\t\t\t\t\t\t\t\t\t\t<img fetchpriority=\"high\" decoding=\"async\" width=\"763\" height=\"1024\" src=\"https:\/\/arion-group.com\/wp-content\/uploads\/2025\/06\/shutterstock_2483464207_bewerkt_uitsnede-763x1024.jpg\" class=\"attachment-large size-large wp-image-29293\" alt=\"\" srcset=\"https:\/\/arion-group.com\/wp-content\/uploads\/2025\/06\/shutterstock_2483464207_bewerkt_uitsnede-763x1024.jpg 763w, https:\/\/arion-group.com\/wp-content\/uploads\/2025\/06\/shutterstock_2483464207_bewerkt_uitsnede-224x300.jpg 224w, https:\/\/arion-group.com\/wp-content\/uploads\/2025\/06\/shutterstock_2483464207_bewerkt_uitsnede-768x1031.jpg 768w, https:\/\/arion-group.com\/wp-content\/uploads\/2025\/06\/shutterstock_2483464207_bewerkt_uitsnede-1144x1536.jpg 1144w, https:\/\/arion-group.com\/wp-content\/uploads\/2025\/06\/shutterstock_2483464207_bewerkt_uitsnede.jpg 1181w\" sizes=\"(max-width: 763px) 100vw, 763px\" title=\"\">\t\t\t\t\t\t\t\t\t\t\t\t\t\t\t<\/div>\n\t\t\t\t<\/div>\n\t\t\t\t<\/div>\n\t\t<div class=\"elementor-element elementor-element-1923ee0 e-con-full e-flex e-con e-child\" data-id=\"1923ee0\" data-element_type=\"container\" data-e-type=\"container\" data-settings=\"{&quot;jet_parallax_layout_list&quot;:[]}\">\n\t\t<div class=\"elementor-element elementor-element-b88a0bb e-con-full e-flex e-con e-child\" data-id=\"b88a0bb\" data-element_type=\"container\" data-e-type=\"container\" data-settings=\"{&quot;jet_parallax_layout_list&quot;:[]}\">\n\t\t\t\t<div class=\"elementor-element elementor-element-44e5006 elementor-widget elementor-widget-heading\" data-id=\"44e5006\" data-element_type=\"widget\" data-e-type=\"widget\" data-widget_type=\"heading.default\">\n\t\t\t\t<div class=\"elementor-widget-container\">\n\t\t\t\t\t<h4 class=\"elementor-heading-title elementor-size-default\">Ein kostenloser Leitfaden, der Sie bei der Verbesserung der Pr\u00e4vention und Behandlung von IAD unterst\u00fctzt<\/h4>\t\t\t\t<\/div>\n\t\t\t\t<\/div>\n\t\t\t\t<div class=\"elementor-element elementor-element-16a7993 elementor-widget elementor-widget-text-editor\" data-id=\"16a7993\" data-element_type=\"widget\" data-e-type=\"widget\" data-widget_type=\"text-editor.default\">\n\t\t\t\t<div class=\"elementor-widget-container\">\n\t\t\t\t\t\t\t\t\t<p>IAD ist eine Hauterkrankung, die durch l\u00e4ngeren Kontakt mit Urin oder Stuhl verursacht wird und das Wohlbefinden, die W\u00fcrde und die Sicherheit der Patienten beeintr\u00e4chtigt. Eine fr\u00fchzeitige Intervention kann sichtbare Verbesserungen bringen \u2013 f\u00fcr nachhaltige Erfolge sind jedoch strukturierte Protokolle und evidenzbasierte Pflege notwendig.<\/p>\n<p>Der klinische Leitfaden zur Behandlung von IAD wurde entwickelt, um Pflegekr\u00e4fte und medizinisches Fachpersonal bei der einheitlichen und hochwertigen Versorgung zu unterst\u00fctzen. Basierend auf Expertenkonsens, wissenschaftlicher Literatur und klinischer Praxis bietet der Leitfaden klare und praxisnahe Empfehlungen zur Pr\u00e4vention, Beurteilung und Behandlung.<\/p>\n<p><strong>Das bietet Ihnen der Leitfaden:<\/strong><\/p>\n<ul>\n<li><strong>Beurteilungsrichtlinien<\/strong>: Klare Kriterien zur Erkennung und Einteilung von IAD<br \/>\n\u2022 <strong>Protokolle zur Pr\u00e4vention und Pflege<\/strong>: Schritt-f\u00fcr-Schritt-Anleitungen zur Senkung der Inzidenz und F\u00f6rderung der Heilung<br \/>\n\u2022 <strong>Instrumente zur Differenzialdiagnose<\/strong>: Unterst\u00fctzung bei der Abgrenzung von IAD zu Dekubitus und Pilzinfektionen<br \/>\n\u2022 <strong>Tipps zur Schulung und Umsetzung<\/strong>: Praktische Empfehlungen f\u00fcr die Mitarbeiterschulung und Integration in den Pflegealltag<br \/>\n\u2022 <strong>Fallbasierte Einblicke<\/strong>: Reale Beispiele mit messbaren Verbesserungen in Behandlungsergebnissen und Arbeitsabl\u00e4ufen<\/li>\n<\/ul>\n<p>&nbsp;<\/p>\n<p><strong>Ihre Vorteile durch den Einsatz des Leitfadens:<\/strong><\/p>\n<ul>\n<li>Verbesserung der Patientenergebnisse durch strukturierte, evidenzbasierte Pflege<br \/>\n\u2022 Einheitliche Versorgung dank standardisierter Protokolle<br \/>\n\u2022 St\u00e4rkung der klinischen Entscheidungsfindung durch klare Handlungsanweisungen<br \/>\n\u2022 Fr\u00fchzeitige Intervention und geringeres Risiko von Komplikationen<\/li>\n<\/ul>\n\t\t\t\t\t\t\t\t<\/div>\n\t\t\t\t<\/div>\n\t\t\t\t<\/div>\n\t\t\t\t<\/div>\n\t\t\t\t\t<\/div>\n\t\t\t\t<\/div>\n\t\t<div class=\"elementor-element elementor-element-b618647 e-flex e-con-boxed e-con e-parent\" data-id=\"b618647\" data-element_type=\"container\" data-e-type=\"container\" data-settings=\"{&quot;jet_parallax_layout_list&quot;:[]}\">\n\t\t\t\t\t<div class=\"e-con-inner\">\n\t\t<div class=\"elementor-element elementor-element-d3130a2 e-con-full e-flex e-con e-child\" data-id=\"d3130a2\" data-element_type=\"container\" data-e-type=\"container\" data-settings=\"{&quot;jet_parallax_layout_list&quot;:[]}\">\n\t\t\t\t<div class=\"elementor-element elementor-element-03aec11 mijn-oranje-logo elementor-view-default elementor-widget elementor-widget-icon\" data-id=\"03aec11\" data-element_type=\"widget\" data-e-type=\"widget\" data-widget_type=\"icon.default\">\n\t\t\t\t<div class=\"elementor-widget-container\">\n\t\t\t\t\t\t\t<div class=\"elementor-icon-wrapper\">\n\t\t\t<div class=\"elementor-icon\">\n\t\t\t<svg xmlns=\"http:\/\/www.w3.org\/2000\/svg\" viewBox=\"0 0 236.9 200.47\"><defs><style>.cls-1{fill:#ff5100;}<\/style><\/defs><g id=\"Laag_2\" data-name=\"Laag 2\"><g id=\"Laag_1-2\" data-name=\"Laag 1\"><path class=\"cls-1\" d=\"M78.05,15.46c2.75,0,1.85,12.64,2,14.73.84,9.4,1.56,18.8,2.34,28.2,1.56,18.7,4.24,37.28,6.51,55.9,1.9,15.53,3.06,31.13,5.22,46.62,1.73,12.45,3.73,24.86,5.48,37.31.47,3.39,5.63,2.76,5.26-.64-1.46-13.33-4-26.56-5.86-39.83C96.55,140.22,95,122.57,92.56,105Q88.36,74.46,85,43.84c-.84-7.68-2-15.27-2.65-23-.2-2.26-1-7.9-4.55-6.27a.45.45,0,0,0,.22.85\"><\/path><path class=\"cls-1\" d=\"M216.25,37c1.85,12.56,1.3,25,2.05,37.6,1,16.28,3.56,32.49,5.56,48.66q1.9,15.35,4.09,30.66c1.16,8.29,1.82,16.91,4.07,25,.56,2,4.09,1.59,4.14-.51.19-8.34-1.8-16.86-3-25.1-1.5-10.2-3-20.4-4.34-30.62-2.11-16.19-4.88-32.31-6.3-48.58-.57-6.63-.57-13.32-1.09-20C221,48.38,220.19,41.69,217,36.7c-.24-.38-.85-.09-.79.33\"><\/path><path class=\"cls-1\" d=\"M79,15.45c17.23-1.12,34.4-2.72,51.56-4.68l26.59-3c8.26-.94,17.38-1,25.37-3.31,2.13-.62,1.68-4.29-.54-4.38-7.75-.31-16,1.69-23.65,2.69L131.75,6.21c-17.71,2.32-35.35,5-52.92,8.16A.54.54,0,0,0,79,15.45\"><\/path><path class=\"cls-1\" d=\"M14.74,87c-.66,7,.13,14.19.77,21.13A88,88,0,0,0,19.81,129c1.17,3.33,5.85,1.19,5-2.05-1.91-7-3.35-13.92-4.67-21-1.18-6.34-1.85-13-4-19.11a.73.73,0,0,0-1.38.17\"><\/path><path class=\"cls-1\" d=\"M13.3,87.58c7.94,3.54,17.5,1.32,25.77.19l-2.8-2.19c1.07,7.54,2.2,15.08,3.21,22.62.74,5.45-.62,11.71,2.08,16.75,1.6,3,6.55,1,4.9-2-2.41-4.36-1.36-10.55-1.82-15.36-.71-7.52-2.19-15.14-3.38-22.6a2.53,2.53,0,0,0-2.8-2.19C30.32,84,22,86.48,13.73,86.09a.79.79,0,0,0-.43,1.49\"><\/path><path class=\"cls-1\" d=\"M1.42,133c6.41,1.63,13-.75,19.49-.52,2.65.1,3.36-3.87.62-4.16-7-.73-13.23,3.17-20.1,3.41-.77,0-.66,1.11,0,1.27\"><\/path><path class=\"cls-1\" d=\"M41.44,126.77a56.17,56.17,0,0,0,10.85.14,41.26,41.26,0,0,1,6.85.21c1,.12,2.83-.18,3.66,0l-2-2.73-.15.56c-.55,2,2.05,2.88,3.45,2l.54-.33a2.42,2.42,0,0,0,.46-3.37l-.11-.17a2.43,2.43,0,0,0-2.28-1c-3,.63-6.25.17-9.36.68-4,.66-7.9,1.74-11.86,2.5a.73.73,0,0,0,0,1.44\"><\/path><path class=\"cls-1\" d=\"M.19,134.23c5.92,6.1,13.23,11.07,20,16.09a113,113,0,0,1,10.1,8c2.1,1.95,4.43,4.21,7.48,3.85,2-.23,3.26-3.35,1.26-4.54-5.53-3.32-10.66-7.28-16.16-10.74-7.26-4.56-14.53-9-21.68-13.7-.66-.43-1.67.39-1,1\"><\/path><path class=\"cls-1\" d=\"M60.93,127.75c-3.62,7.79-8.88,14.26-14.16,21-2.79,3.57-8.93,8.65-9.13,13.49a2.58,2.58,0,0,0,1.5,2.68c2.75,1,3.28-1.72,4.24-3.56C45.13,158,47.77,155,50,152a114,114,0,0,0,7.68-11.09c2.19-3.8,4.91-8.41,4.92-12.92,0-1-1.37-1-1.71-.25\"><\/path><path class=\"cls-1\" d=\"M8.55,168.64c.91,3.91.57,7.58.72,11.53.1,2.75.13,6.93,2.56,8.72a2.27,2.27,0,0,0,3.48-2.64c-.41-1.19-1.15-2.17-1.56-3.38-.62-1.81-.77-3.77-1.26-5.61-.81-3-1.13-6.41-2.89-9-.31-.47-1.18-.15-1,.42\"><\/path><path class=\"cls-1\" d=\"M12.25,189.14c3.43,1.14,6.73.71,10.24.12a89.35,89.35,0,0,1,16.35-1c10.58.15,21.23-2,31.71-3.24,3.42-.4,2.76-5.77-.65-5.29-9.82,1.38-19.5,3.59-29.4,4.37a133,133,0,0,0-14.07,1.67c-4.68.87-9,2.34-13.84,2.16-.66,0-1.07,1-.34,1.2\"><\/path><path class=\"cls-1\" d=\"M66.62,164.22c-2,2.68-.38,7.66.1,10.68.41,2.57.61,10.43,4.41,10.59a2.63,2.63,0,0,0,2.9-2.15c.31-1.37-.7-2.62-1.19-3.84a50.26,50.26,0,0,1-2-6.78c-.63-2.59-.83-7.07-3.28-8.61a.66.66,0,0,0-.92.11\"><\/path><path class=\"cls-1\" d=\"M104.56,199.79c21.86-.2,43.72-3.7,65.42-6.3s43.67-4.45,65.2-8.15a2,2,0,0,0-.5-4c-21.79,1.62-43.56,5.13-65.23,7.86s-43.74,4.62-65,9.72a.46.46,0,0,0,.11.91\"><\/path><path class=\"cls-1\" d=\"M181.81,2.94c.19,0,1.32,1.56,1.57,1.76,1.25,1,2.39,2.11,3.64,3.11,3.85,3.08,7.37,6.61,11,10,6.19,5.83,12.2,11.86,18.28,17.81,2.26,2.2,5.23-1.67,3-3.85-7-6.85-13.93-13.72-21.17-20.29-1.4-1.27-14.72-14.21-16.7-9.26a.53.53,0,0,0,.41.73\"><\/path><path class=\"cls-1\" d=\"M184.7,38.7l-.38.66c-1,1.74,2,3.06,2.88,1.24,2.42-4.8,1.43-12.62,1.41-17.93,0-6.81-.8-13.84-4.06-19.92-1.25-2.32-4.78-1-3.84,1.58,2.25,6.09,2.86,12.48,3,18.93.15,5.09-1.53,12.58.57,17.32L186,38.43l-.76,0a.52.52,0,0,0-.53.3\"><\/path><path class=\"cls-1\" d=\"M186,39.46c4.29,1.68,11,.51,15.43.45,3.28,0,6.55-.06,9.83,0,1.07,0,2.13,0,3.19.13a3.87,3.87,0,0,0,1.68-.28c.89-.32-.25.07-.67,0,1.8.48,2.78-1.61,2.36-3-1.13-3.81-10.61-1.06-13.06-.77-6,.7-12.7.55-18.55,2.05-.67.17-1,1.16-.21,1.47\"><\/path><path class=\"cls-1\" d=\"M115.23,75c.78,5.23.88,10.61,1.48,15.88s1.71,10.51,2.05,15.88c.14,2.32,3.68,2.26,4,0,.79-5.42-1.1-11.09-1.78-16.46S119.86,79,117.11,74.23c-.54-.93-2-.21-1.88.76\"><\/path><path class=\"cls-1\" d=\"M113.63,74.56c4.38-1.44,12.68-3.65,15.22,1.94,1,2.17,1.42,5.83.15,7.94-1.67,2.78-6.16,2.34-8.86,3.36-1.94.73-1.73,4.2.52,4.24,4.42.1,10.35-.72,12.76-5,2.13-3.75,1.52-8.57-.14-12.39-3.16-7.28-16.48-7.55-20.23-.7-.2.38.25.7.58.59\"><\/path><path class=\"cls-1\" d=\"M143.29,70.45c-.8,10,1.86,20.27,2.93,30.21.33,3,5,2.46,4.71-.58-.43-4.76-1.74-9.46-2.54-14.17-.88-5.23-1.33-10.75-3.47-15.66a.86.86,0,0,0-1.63.2\"><\/path><path class=\"cls-1\" d=\"M142.39,70.71c1.71-1.34,5.81.73,7.55,1.31a10.72,10.72,0,0,1,6.76,6c1.69,3.66,1.48,8.17.74,12-1,5.45-4.28,7.49-9.15,9-2,.63-1.61,4,.5,4.13,14.3.71,17.44-17.93,11.85-28-2.37-4.28-6.6-6.49-11.28-7.24-2.06-.32-8.2-1.22-8,2.37a.65.65,0,0,0,1,.44\"><\/path><path class=\"cls-1\" d=\"M175.22,65.19c-2.35,2.82-.44,9.83.05,13.33.78,5.64,1.52,11.29,2.43,16.91.5,3.11,5.41,2.5,4.85-.59-1.82-10-3.08-20.9-7-30.32a.65.65,0,0,0-.84-.34l-.09,0a.57.57,0,0,0-.13,1l.13.09a.4.4,0,0,0,.56-.07\"><\/path><path class=\"cls-1\" d=\"M174.74,66.41c1.77-.68,5.26.06,7.21,0a60.32,60.32,0,0,0,11-1.13c1.54-.36,2.31-2.75.48-3.38-3.95-1.37-9.16.55-13.14,1.4-2,.43-5.44.28-6.08,2.69-.09.31.29.53.55.43\"><\/path><path class=\"cls-1\" d=\"M177.17,77.2c1.56,1.58,4.23,1,6.27,1,3.65,0,7.3.25,10.94.1,2.3-.09,2.33-3.86.05-4-5.67-.4-11.13.5-16.68,1.49-.57.1-1.08.88-.58,1.39\"><\/path><\/g><\/g><\/svg>\t\t\t<\/div>\n\t\t<\/div>\n\t\t\t\t\t\t<\/div>\n\t\t\t\t<\/div>\n\t\t\t\t<\/div>\n\t\t<div class=\"elementor-element elementor-element-2c99c31 e-con-full e-flex e-con e-child\" data-id=\"2c99c31\" data-element_type=\"container\" data-e-type=\"container\" data-settings=\"{&quot;jet_parallax_layout_list&quot;:[]}\">\n\t\t\t\t<div class=\"elementor-element elementor-element-c34f92b elementor-widget elementor-widget-heading\" data-id=\"c34f92b\" data-element_type=\"widget\" data-e-type=\"widget\" data-widget_type=\"heading.default\">\n\t\t\t\t<div class=\"elementor-widget-container\">\n\t\t\t\t\t<h4 class=\"elementor-heading-title elementor-size-default\">Bereit, Ihren Ansatz zur IAD-Versorgung zu optimieren?<\/h4>\t\t\t\t<\/div>\n\t\t\t\t<\/div>\n\t\t\t\t<div class=\"elementor-element elementor-element-5b9550b elementor-widget elementor-widget-text-editor\" data-id=\"5b9550b\" data-element_type=\"widget\" data-e-type=\"widget\" data-widget_type=\"text-editor.default\">\n\t\t\t\t<div class=\"elementor-widget-container\">\n\t\t\t\t\t\t\t\t\t<p><strong>Laden Sie den kostenlosen Leitfaden herunter:<\/strong><\/p>\n<ul>\n<li>Klinischer Leitfaden zur Behandlung von IAD: Best Practices f\u00fcr bessere Patientenergebnisse \u2013 ein umfassender, forschungsbasierter Leitfaden zur Pr\u00e4vention, Diagnose und Versorgungsplanung.<\/li>\n<\/ul>\n\t\t\t\t\t\t\t\t<\/div>\n\t\t\t\t<\/div>\n\t\t\t\t<div class=\"elementor-element elementor-element-ba8334e elementor-widget elementor-widget-text-editor\" data-id=\"ba8334e\" data-element_type=\"widget\" data-e-type=\"widget\" data-widget_type=\"text-editor.default\">\n\t\t\t\t<div class=\"elementor-widget-container\">\n\t\t\t\t\t\t\t\t\t<p><strong>Jetzt entdecken<\/strong> und die neuesten klinischen Best Practices in Ihrem Pflegealltag anwenden.<\/p>\n\t\t\t\t\t\t\t\t<\/div>\n\t\t\t\t<\/div>\n\t\t\t\t<div class=\"elementor-element elementor-element-3040e82 elementor-mobile-button-align-center elementor-widget elementor-widget-form\" data-id=\"3040e82\" data-element_type=\"widget\" data-e-type=\"widget\" data-settings=\"{&quot;button_width&quot;:&quot;40&quot;,&quot;step_next_label&quot;:&quot;Next&quot;,&quot;step_previous_label&quot;:&quot;Previous&quot;,&quot;step_type&quot;:&quot;number_text&quot;,&quot;step_icon_shape&quot;:&quot;circle&quot;}\" data-widget_type=\"form.default\">\n\t\t\t\t<div class=\"elementor-widget-container\">\n\t\t\t\t\t\t\t<form class=\"elementor-form\" method=\"post\" name=\"Contact Formulier\" aria-label=\"Contact Formulier\">\n\t\t\t<input type=\"hidden\" name=\"post_id\" value=\"30510\"\/>\n\t\t\t<input type=\"hidden\" name=\"form_id\" value=\"3040e82\"\/>\n\t\t\t<input type=\"hidden\" name=\"referer_title\" value=\"Kostenloser leitfaden management von inkontinenzbedingter dermatitis &bull; Bathing wipes gloves and compression stocking aids supplier\" \/>\n\n\t\t\t\t\t\t\t<input type=\"hidden\" name=\"queried_id\" value=\"30510\"\/>\n\t\t\t\n\t\t\t<div class=\"elementor-form-fields-wrapper elementor-labels-\">\n\t\t\t\t\t\t\t\t<div class=\"elementor-field-type-radio elementor-field-group elementor-column elementor-field-group-geslacht elementor-col-100 elementor-field-required\">\n\t\t\t\t\t\t\t\t\t\t\t\t<label for=\"form-field-geslacht\" class=\"elementor-field-label elementor-screen-only\">\n\t\t\t\t\t\t\t\tgeslacht\t\t\t\t\t\t\t<\/label>\n\t\t\t\t\t\t<div class=\"elementor-field-subgroup  \"><span class=\"elementor-field-option\"><input type=\"radio\" value=\"M\u00e4nnlich\" id=\"form-field-geslacht-0\" name=\"form_fields[geslacht]\" required=\"required\"> <label for=\"form-field-geslacht-0\">M\u00e4nnlich<\/label><\/span><span class=\"elementor-field-option\"><input type=\"radio\" value=\"Weiblich\" id=\"form-field-geslacht-1\" name=\"form_fields[geslacht]\" required=\"required\"> <label for=\"form-field-geslacht-1\">Weiblich<\/label><\/span><span class=\"elementor-field-option\"><input type=\"radio\" value=\"Anderes\" id=\"form-field-geslacht-2\" name=\"form_fields[geslacht]\" required=\"required\"> <label for=\"form-field-geslacht-2\">Anderes<\/label><\/span><\/div>\t\t\t\t<\/div>\n\t\t\t\t\t\t\t\t<div class=\"elementor-field-type-text elementor-field-group elementor-column elementor-field-group-lastname elementor-col-100 elementor-field-required\">\n\t\t\t\t\t\t\t\t\t\t\t\t<label for=\"form-field-lastname\" class=\"elementor-field-label elementor-screen-only\">\n\t\t\t\t\t\t\t\tNachname\t\t\t\t\t\t\t<\/label>\n\t\t\t\t\t\t\t\t\t\t\t\t\t\t<input size=\"1\" type=\"text\" name=\"form_fields[lastname]\" id=\"form-field-lastname\" class=\"elementor-field elementor-size-md  elementor-field-textual\" placeholder=\"Nachname\" required=\"required\">\n\t\t\t\t\t\t\t\t\t\t\t<\/div>\n\t\t\t\t\t\t\t\t<div class=\"elementor-field-type-text elementor-field-group elementor-column elementor-field-group-company elementor-col-50 elementor-field-required\">\n\t\t\t\t\t\t\t\t\t\t\t\t<label for=\"form-field-company\" class=\"elementor-field-label elementor-screen-only\">\n\t\t\t\t\t\t\t\tUnternehmen\t\t\t\t\t\t\t<\/label>\n\t\t\t\t\t\t\t\t\t\t\t\t\t\t<input size=\"1\" type=\"text\" name=\"form_fields[company]\" id=\"form-field-company\" class=\"elementor-field elementor-size-md  elementor-field-textual\" placeholder=\"Unternehmen\" required=\"required\">\n\t\t\t\t\t\t\t\t\t\t\t<\/div>\n\t\t\t\t\t\t\t\t<div class=\"elementor-field-type-text elementor-field-group elementor-column elementor-field-group-job elementor-col-50 elementor-field-required\">\n\t\t\t\t\t\t\t\t\t\t\t\t<label for=\"form-field-job\" class=\"elementor-field-label elementor-screen-only\">\n\t\t\t\t\t\t\t\tFunktion\t\t\t\t\t\t\t<\/label>\n\t\t\t\t\t\t\t\t\t\t\t\t\t\t<input size=\"1\" type=\"text\" name=\"form_fields[job]\" id=\"form-field-job\" class=\"elementor-field elementor-size-md  elementor-field-textual\" placeholder=\"Funktion\" required=\"required\">\n\t\t\t\t\t\t\t\t\t\t\t<\/div>\n\t\t\t\t\t\t\t\t<div class=\"elementor-field-type-text elementor-field-group elementor-column elementor-field-group-country elementor-col-50 elementor-field-required\">\n\t\t\t\t\t\t\t\t\t\t\t\t<label for=\"form-field-country\" class=\"elementor-field-label elementor-screen-only\">\n\t\t\t\t\t\t\t\tLand\t\t\t\t\t\t\t<\/label>\n\t\t\t\t\t\t\t\t\t\t\t\t\t\t<input size=\"1\" type=\"text\" name=\"form_fields[country]\" id=\"form-field-country\" class=\"elementor-field elementor-size-md  elementor-field-textual\" placeholder=\"Land\" required=\"required\">\n\t\t\t\t\t\t\t\t\t\t\t<\/div>\n\t\t\t\t\t\t\t\t<div class=\"elementor-field-type-email elementor-field-group elementor-column elementor-field-group-email elementor-col-50 elementor-field-required\">\n\t\t\t\t\t\t\t\t\t\t\t\t<label for=\"form-field-email\" class=\"elementor-field-label elementor-screen-only\">\n\t\t\t\t\t\t\t\tE-Mail\t\t\t\t\t\t\t<\/label>\n\t\t\t\t\t\t\t\t\t\t\t\t\t\t<input size=\"1\" type=\"email\" name=\"form_fields[email]\" id=\"form-field-email\" class=\"elementor-field elementor-size-md  elementor-field-textual\" placeholder=\"E-Mail\" required=\"required\">\n\t\t\t\t\t\t\t\t\t\t\t<\/div>\n\t\t\t\t\t\t\t\t<div class=\"elementor-field-type-text\">\n\t\t\t\t\t<input size=\"1\" type=\"text\" name=\"form_fields[db13a77]\" id=\"form-field-db13a77\" class=\"elementor-field elementor-size-md \" style=\"display:none !important;\">\t\t\t\t<\/div>\n\t\t\t\t\t\t\t\t<div class=\"elementor-field-type-html elementor-field-group elementor-column elementor-field-group-field_b04e48d elementor-col-100\">\n\t\t\t\t\tDie \u00fcber dieses Formular \u00fcbermittelten personenbezogenen Daten werden ausschlie\u00dflich dazu verwendet, auf Ihre Anfrage oder Ihr Anliegen zu antworten und nicht f\u00fcr Marketingzwecke genutzt.\n\nWir behandeln Ihre Daten vertraulich und gem\u00e4\u00df der aktuellen Datenschutz-Grundverordnung (DSGVO). Sie m\u00fcssen mindestens 16 Jahre alt sein, um ein Formular einzureichen.\n\t\t\t\t<\/div>\n\t\t\t\t\t\t\t\t<div class=\"elementor-field-type-acceptance elementor-field-group elementor-column elementor-field-group-privacy elementor-col-50 elementor-field-required\">\n\t\t\t\t\t\t\t\t\t\t\t\t<label for=\"form-field-privacy\" class=\"elementor-field-label elementor-screen-only\">\n\t\t\t\t\t\t\t\tPrivacy Policy\t\t\t\t\t\t\t<\/label>\n\t\t\t\t\t\t\t\t<div class=\"elementor-field-subgroup\">\n\t\t\t<span class=\"elementor-field-option\">\n\t\t\t\t<input type=\"checkbox\" name=\"form_fields[privacy]\" id=\"form-field-privacy\" class=\"elementor-field elementor-size-md  elementor-acceptance-field\" required=\"required\">\n\t\t\t\t<label for=\"form-field-privacy\">Ich habe die <a href=\"\/wp-content\/uploads\/2020\/12\/Privacy-Policy-Arion_2020.docx.pdf\" target=\"_blank\">Datenschutzerkl\u00e4rung von Arion<\/a> gelesen und stimme ihr zu.*\n<\/br><\/br><\/label>\t\t\t<\/span>\n\t\t<\/div>\n\t\t\t\t\t\t<\/div>\n\t\t\t\t\t\t\t\t<div class=\"elementor-field-group elementor-column elementor-field-type-submit elementor-col-40 e-form__buttons\">\n\t\t\t\t\t<button class=\"elementor-button elementor-size-sm elementor-animation-grow\" type=\"submit\">\n\t\t\t\t\t\t<span class=\"elementor-button-content-wrapper\">\n\t\t\t\t\t\t\t\t\t\t\t\t\t\t\t\t\t\t\t\t\t\t<span class=\"elementor-button-text\">Senden<\/span>\n\t\t\t\t\t\t\t\t\t\t\t\t\t<\/span>\n\t\t\t\t\t<\/button>\n\t\t\t\t<\/div>\n\t\t\t<\/div>\n\t\t<\/form>\n\t\t\t\t\t\t<\/div>\n\t\t\t\t<\/div>\n\t\t\t\t<\/div>\n\t\t\t\t\t<\/div>\n\t\t\t\t<\/div>\n\t\t\t\t<\/div>\n\t\t","protected":false},"excerpt":{"rendered":"<p>Ein kostenloser Leitfaden, der Sie bei der Verbesserung der Pr\u00e4vention Ein kostenloser Leitfaden, der Sie bei der Verbesserung der Pr\u00e4vention und Behandlung von IAD unterst\u00fctzt IAD ist eine Hauterkrankung, die durch l\u00e4ngeren Kontakt mit Urin oder Stuhl verursacht wird und das Wohlbefinden, die W\u00fcrde und die Sicherheit der Patienten beeintr\u00e4chtigt. Eine fr\u00fchzeitige Intervention kann sichtbare [&hellip;]<\/p>\n","protected":false},"author":1,"featured_media":0,"parent":0,"menu_order":0,"comment_status":"closed","ping_status":"closed","template":"elementor_canvas","meta":{"site-sidebar-layout":"default","site-content-layout":"","ast-site-content-layout":"default","site-content-style":"default","site-sidebar-style":"default","ast-global-header-display":"","ast-banner-title-visibility":"","ast-main-header-display":"","ast-hfb-above-header-display":"","ast-hfb-below-header-display":"","ast-hfb-mobile-header-display":"","site-post-title":"","ast-breadcrumbs-content":"","ast-featured-img":"","footer-sml-layout":"","ast-disable-related-posts":"","theme-transparent-header-meta":"","adv-header-id-meta":"","stick-header-meta":"","header-above-stick-meta":"","header-main-stick-meta":"","header-below-stick-meta":"","astra-migrate-meta-layouts":"default","ast-page-background-enabled":"default","ast-page-background-meta":{"desktop":{"background-color":"","background-image":"","background-repeat":"repeat","background-position":"center center","background-size":"auto","background-attachment":"scroll","background-type":"","background-media":"","overlay-type":"","overlay-color":"","overlay-opacity":"","overlay-gradient":""},"tablet":{"background-color":"","background-image":"","background-repeat":"repeat","background-position":"center center","background-size":"auto","background-attachment":"scroll","background-type":"","background-media":"","overlay-type":"","overlay-color":"","overlay-opacity":"","overlay-gradient":""},"mobile":{"background-color":"","background-image":"","background-repeat":"repeat","background-position":"center center","background-size":"auto","background-attachment":"scroll","background-type":"","background-media":"","overlay-type":"","overlay-color":"","overlay-opacity":"","overlay-gradient":""}},"ast-content-background-meta":{"desktop":{"background-color":"var(--ast-global-color-5)","background-image":"","background-repeat":"repeat","background-position":"center center","background-size":"auto","background-attachment":"scroll","background-type":"","background-media":"","overlay-type":"","overlay-color":"","overlay-opacity":"","overlay-gradient":""},"tablet":{"background-color":"var(--ast-global-color-5)","background-image":"","background-repeat":"repeat","background-position":"center center","background-size":"auto","background-attachment":"scroll","background-type":"","background-media":"","overlay-type":"","overlay-color":"","overlay-opacity":"","overlay-gradient":""},"mobile":{"background-color":"var(--ast-global-color-5)","background-image":"","background-repeat":"repeat","background-position":"center center","background-size":"auto","background-attachment":"scroll","background-type":"","background-media":"","overlay-type":"","overlay-color":"","overlay-opacity":"","overlay-gradient":""}},"footnotes":""},"class_list":["post-30510","page","type-page","status-publish","hentry"],"_links":{"self":[{"href":"https:\/\/arion-group.com\/de\/wp-json\/wp\/v2\/pages\/30510","targetHints":{"allow":["GET"]}}],"collection":[{"href":"https:\/\/arion-group.com\/de\/wp-json\/wp\/v2\/pages"}],"about":[{"href":"https:\/\/arion-group.com\/de\/wp-json\/wp\/v2\/types\/page"}],"author":[{"embeddable":true,"href":"https:\/\/arion-group.com\/de\/wp-json\/wp\/v2\/users\/1"}],"replies":[{"embeddable":true,"href":"https:\/\/arion-group.com\/de\/wp-json\/wp\/v2\/comments?post=30510"}],"version-history":[{"count":1,"href":"https:\/\/arion-group.com\/de\/wp-json\/wp\/v2\/pages\/30510\/revisions"}],"predecessor-version":[{"id":30512,"href":"https:\/\/arion-group.com\/de\/wp-json\/wp\/v2\/pages\/30510\/revisions\/30512"}],"wp:attachment":[{"href":"https:\/\/arion-group.com\/de\/wp-json\/wp\/v2\/media?parent=30510"}],"curies":[{"name":"wp","href":"https:\/\/api.w.org\/{rel}","templated":true}]}}